{"id":58,"date":"2019-01-20T13:55:11","date_gmt":"2019-01-20T13:55:11","guid":{"rendered":"http:\/\/haus-paulus.de\/?page_id=58"},"modified":"2019-06-24T08:03:26","modified_gmt":"2019-06-24T08:03:26","slug":"preise-2","status":"publish","type":"page","link":"https:\/\/haus-paulus.de\/?page_id=58","title":{"rendered":"Preise"},"content":{"rendered":"<p>Talblick 2 Personen ab 120\u20ac<\/p>\n<p>Wanderzimmer 2 Personen ab 65\u20ac<\/p>\n<p>Hetti 2 Personen ab 80 \u20ac<\/p>\n<p>Im Preis enthalten sind Handt\u00fccher, Bettw\u00e4sche sowie die Endreinigung.<\/p>\n<p>Bei Aufenthalten von weniger als 2 N\u00e4chten berechnen wir 15\u20ac Reinigungsgeb\u00fchr\/Kurzaufenthaltszuschlag<\/p>\n<p>zzgl. 0,50\u20ac pro Person und Nacht Fremdenverkehrsbeitrag<\/p>\n","protected":false},"excerpt":{"rendered":"<p>Talblick 2 Personen ab 120\u20ac Wanderzimmer 2 Personen ab 65\u20ac Hetti 2 Personen ab 80 \u20ac Im Preis enthalten sind Handt\u00fccher, Bettw\u00e4sche sowie die Endreinigung. Bei Aufenthalten von weniger als 2 N\u00e4chten berechnen wir 15\u20ac Reinigungsgeb\u00fchr\/Kurzaufenthaltszuschlag zzgl. 0,50\u20ac pro Person und Nacht Fremdenverkehrsbeitrag<\/p>\n","protected":false},"author":1,"featured_media":0,"parent":0,"menu_order":0,"comment_status":"closed","ping_status":"closed","template":"","meta":{"ngg_post_thumbnail":0,"footnotes":""},"class_list":["post-58","page","type-page","status-publish","hentry"],"_links":{"self":[{"href":"https:\/\/haus-paulus.de\/index.php?rest_route=\/wp\/v2\/pages\/58","targetHints":{"allow":["GET"]}}],"collection":[{"href":"https:\/\/haus-paulus.de\/index.php?rest_route=\/wp\/v2\/pages"}],"about":[{"href":"https:\/\/haus-paulus.de\/index.php?rest_route=\/wp\/v2\/types\/page"}],"author":[{"embeddable":true,"href":"https:\/\/haus-paulus.de\/index.php?rest_route=\/wp\/v2\/users\/1"}],"replies":[{"embeddable":true,"href":"https:\/\/haus-paulus.de\/index.php?rest_route=%2Fwp%2Fv2%2Fcomments&post=58"}],"version-history":[{"count":4,"href":"https:\/\/haus-paulus.de\/index.php?rest_route=\/wp\/v2\/pages\/58\/revisions"}],"predecessor-version":[{"id":229,"href":"https:\/\/haus-paulus.de\/index.php?rest_route=\/wp\/v2\/pages\/58\/revisions\/229"}],"wp:attachment":[{"href":"https:\/\/haus-paulus.de\/index.php?rest_route=%2Fwp%2Fv2%2Fmedia&parent=58"}],"curies":[{"name":"wp","href":"https:\/\/api.w.org\/{rel}","templated":true}]}}